{"id":3127,"date":"2024-02-08T07:14:59","date_gmt":"2024-02-08T07:14:59","guid":{"rendered":"https:\/\/startersites.io\/elementor\/garderobe\/?page_id=3127"},"modified":"2024-09-13T02:16:53","modified_gmt":"2024-09-13T02:16:53","slug":"about-us","status":"publish","type":"page","link":"https:\/\/banlieuechic.com\/fr\/about-us\/","title":{"rendered":"\u00c0 Propos"},"content":{"rendered":"<div data-elementor-type=\"wp-page\" data-elementor-id=\"3127\" class=\"elementor elementor-3127\">\n\t\t\t\t<div class=\"elementor-element elementor-element-e401864 e-con-full e-flex e-con e-parent\" data-id=\"e401864\" data-element_type=\"container\">\n\t\t\t\t<div class=\"elementor-element elementor-element-215e1b7 elementor-widget__width-inherit elementor-widget elementor-widget-heading\" data-id=\"215e1b7\" data-element_type=\"widget\" data-widget_type=\"heading.default\">\n\t\t\t\t<div class=\"elementor-widget-container\">\n\t\t\t\t\t<h1 class=\"elementor-heading-title elementor-size-default\">\u00c0 propos<\/h1>\t\t\t\t<\/div>\n\t\t\t\t<\/div>\n\t\t\t\t<div class=\"elementor-element elementor-element-02c08ba elementor-widget__width-inherit elementor-widget elementor-widget-text-editor\" data-id=\"02c08ba\" data-element_type=\"widget\" data-widget_type=\"text-editor.default\">\n\t\t\t\t<div class=\"elementor-widget-container\">\n\t\t\t\t\t\t\t\t\t<p><span style=\"font-family: Raleway; font-weight: 300; font-size: 16px;\">Plus qu'une simple marque de v\u00eatements ; nous voulons mettre en avant l'\u00e9nergie qui anime les banlieues. Banlieue Chic s'inspire de l'essence, de la fiert\u00e9 et l'\u00e9nergie des quartiers, pour d\u00e9montrer que le style va bien au-del\u00e0 du p\u00e9riph\u00e9rique<br \/><\/span><\/p>\t\t\t\t\t\t\t\t<\/div>\n\t\t\t\t<\/div>\n\t\t\t\t<\/div>\n\t\t<div class=\"elementor-element elementor-element-055b299 e-flex e-con-boxed e-con e-parent\" data-id=\"055b299\" data-element_type=\"container\" data-settings=\"{&quot;background_background&quot;:&quot;classic&quot;}\">\n\t\t\t\t\t<div class=\"e-con-inner\">\n\t\t<div class=\"elementor-element elementor-element-c6d3eb8 e-con-full e-flex e-con e-child\" data-id=\"c6d3eb8\" data-element_type=\"container\">\n\t\t\t\t<div class=\"elementor-element elementor-element-c8c834f elementor-widget elementor-widget-heading\" data-id=\"c8c834f\" data-element_type=\"widget\" data-widget_type=\"heading.default\">\n\t\t\t\t<div class=\"elementor-widget-container\">\n\t\t\t\t\t<h3 class=\"elementor-heading-title elementor-size-default\">Fiers<\/h3>\t\t\t\t<\/div>\n\t\t\t\t<\/div>\n\t\t\t\t<div class=\"elementor-element elementor-element-962b41a elementor-widget elementor-widget-text-editor\" data-id=\"962b41a\" data-element_type=\"widget\" data-widget_type=\"text-editor.default\">\n\t\t\t\t<div class=\"elementor-widget-container\">\n\t\t\t\t\t\t\t\t\t<p>N\u00e9s et \u00e9lev\u00e9s dans la banlieue, on en porte les couleurs avec fiert\u00e9. Nos quartiers, c'est un melting-pot o\u00f9 le talent explose et o\u00f9 la r\u00e9silience est notre force. On casse les codes, on raconte nos histoires, et on peint un tableau vivant de notre identit\u00e9. Avec nos cr\u00e9ations, on montre au monde que la banlieue, c'est l'avenir, et on invite tout le monde \u00e0 en faire partie.<\/p>\t\t\t\t\t\t\t\t<\/div>\n\t\t\t\t<\/div>\n\t\t\t\t<\/div>\n\t\t\t\t<div class=\"elementor-element elementor-element-65ad411 elementor-widget__width-initial elementor-widget-tablet__width-inherit elementor-widget elementor-widget-image\" data-id=\"65ad411\" data-element_type=\"widget\" data-widget_type=\"image.default\">\n\t\t\t\t<div class=\"elementor-widget-container\">\n\t\t\t\t\t\t\t\t\t\t\t\t<figure class=\"wp-caption\">\n\t\t\t\t\t\t\t\t\t\t<img fetchpriority=\"high\" decoding=\"async\" width=\"2048\" height=\"1360\" src=\"https:\/\/banlieuechic.com\/wp-content\/uploads\/2024\/06\/2893742578_df93ba7b6c_o.jpg\" class=\"attachment-full size-full wp-image-3821\" alt=\"\" srcset=\"https:\/\/banlieuechic.com\/wp-content\/uploads\/2024\/06\/2893742578_df93ba7b6c_o.jpg 2048w, https:\/\/banlieuechic.com\/wp-content\/uploads\/2024\/06\/2893742578_df93ba7b6c_o-300x199.jpg 300w, https:\/\/banlieuechic.com\/wp-content\/uploads\/2024\/06\/2893742578_df93ba7b6c_o-1024x680.jpg 1024w, https:\/\/banlieuechic.com\/wp-content\/uploads\/2024\/06\/2893742578_df93ba7b6c_o-768x510.jpg 768w, https:\/\/banlieuechic.com\/wp-content\/uploads\/2024\/06\/2893742578_df93ba7b6c_o-1536x1020.jpg 1536w, https:\/\/banlieuechic.com\/wp-content\/uploads\/2024\/06\/2893742578_df93ba7b6c_o-1320x877.jpg 1320w, https:\/\/banlieuechic.com\/wp-content\/uploads\/2024\/06\/2893742578_df93ba7b6c_o-600x398.jpg 600w\" sizes=\"(max-width: 2048px) 100vw, 2048px\" \/>\t\t\t\t\t\t\t\t\t\t\t<figcaption class=\"widget-image-caption wp-caption-text\"><a href=\"https:\/\/www.flickr.com\/photos\/t_abdelmoumen\/2893742578\">Vue a\u00e9rienne du nord de Paris<\/a> (c) Citizen59,  <a href=\"https:\/\/creativecommons.org\/licenses\/by-sa\/2.0\/\">CC BY-SA 2.0<\/a><\/figcaption>\n\t\t\t\t\t\t\t\t\t\t<\/figure>\n\t\t\t\t\t\t\t\t\t<\/div>\n\t\t\t\t<\/div>\n\t\t\t\t\t<\/div>\n\t\t\t\t<\/div>\n\t\t<div class=\"elementor-element elementor-element-e7f18ad e-flex e-con-boxed e-con e-parent\" data-id=\"e7f18ad\" data-element_type=\"container\" data-settings=\"{&quot;background_background&quot;:&quot;classic&quot;}\">\n\t\t\t\t\t<div class=\"e-con-inner\">\n\t\t\t\t<div class=\"elementor-element elementor-element-788eb15 elementor-widget__width-initial elementor-widget-tablet__width-inherit elementor-widget elementor-widget-image\" data-id=\"788eb15\" data-element_type=\"widget\" data-widget_type=\"image.default\">\n\t\t\t\t<div class=\"elementor-widget-container\">\n\t\t\t\t\t\t\t\t\t\t\t\t\t\t\t<img decoding=\"async\" width=\"2048\" height=\"1152\" src=\"https:\/\/banlieuechic.com\/wp-content\/uploads\/2024\/09\/PXL_20240907_145338182.MP2_-2048x1152.jpg\" class=\"attachment-2048x2048 size-2048x2048 wp-image-4297\" alt=\"\" srcset=\"https:\/\/banlieuechic.com\/wp-content\/uploads\/2024\/09\/PXL_20240907_145338182.MP2_-2048x1152.jpg 2048w, https:\/\/banlieuechic.com\/wp-content\/uploads\/2024\/09\/PXL_20240907_145338182.MP2_-300x169.jpg 300w, https:\/\/banlieuechic.com\/wp-content\/uploads\/2024\/09\/PXL_20240907_145338182.MP2_-1024x576.jpg 1024w, https:\/\/banlieuechic.com\/wp-content\/uploads\/2024\/09\/PXL_20240907_145338182.MP2_-768x432.jpg 768w, https:\/\/banlieuechic.com\/wp-content\/uploads\/2024\/09\/PXL_20240907_145338182.MP2_-1536x864.jpg 1536w, https:\/\/banlieuechic.com\/wp-content\/uploads\/2024\/09\/PXL_20240907_145338182.MP2_-18x10.jpg 18w, https:\/\/banlieuechic.com\/wp-content\/uploads\/2024\/09\/PXL_20240907_145338182.MP2_-1320x743.jpg 1320w, https:\/\/banlieuechic.com\/wp-content\/uploads\/2024\/09\/PXL_20240907_145338182.MP2_-600x338.jpg 600w\" sizes=\"(max-width: 2048px) 100vw, 2048px\" \/>\t\t\t\t\t\t\t\t\t\t\t\t\t\t\t<\/div>\n\t\t\t\t<\/div>\n\t\t<div class=\"elementor-element elementor-element-2f7e0f6 e-con-full e-flex e-con e-child\" data-id=\"2f7e0f6\" data-element_type=\"container\">\n\t\t\t\t<div class=\"elementor-element elementor-element-46f7522 elementor-widget elementor-widget-heading\" data-id=\"46f7522\" data-element_type=\"widget\" data-widget_type=\"heading.default\">\n\t\t\t\t<div class=\"elementor-widget-container\">\n\t\t\t\t\t<h3 class=\"elementor-heading-title elementor-size-default\">Styl\u00e9s<\/h3>\t\t\t\t<\/div>\n\t\t\t\t<\/div>\n\t\t\t\t<div class=\"elementor-element elementor-element-37e75ab elementor-widget elementor-widget-text-editor\" data-id=\"37e75ab\" data-element_type=\"widget\" data-widget_type=\"text-editor.default\">\n\t\t\t\t<div class=\"elementor-widget-container\">\n\t\t\t\t\t\t\t\t\t<p>On r\u00e9invente le style. Banlieue Chic, c'est pour tous, pas juste pour une \u00e9lite. Nos pi\u00e8ces sont aussi \u00e0 l'aise dans la rue que sur un podium, prouvant que le style, c'est un langage universel. On ne suit pas les tendances, on les cr\u00e9e. Nos v\u00eatements, c'est du swag \u00e0 l'\u00e9tat pur, qui donne \u00e0 chacun le pouvoir d'exprimer sa personnalit\u00e9 unique. Chez nous, le style, c'est pour tous, inclusif et inspirant, et nos designs, c'est \u00e7a.<\/p>\t\t\t\t\t\t\t\t<\/div>\n\t\t\t\t<\/div>\n\t\t\t\t<\/div>\n\t\t\t\t\t<\/div>\n\t\t\t\t<\/div>\n\t\t<div class=\"elementor-element elementor-element-03ef6d8 e-flex e-con-boxed e-con e-parent\" data-id=\"03ef6d8\" data-element_type=\"container\" data-settings=\"{&quot;background_background&quot;:&quot;classic&quot;}\">\n\t\t\t\t\t<div class=\"e-con-inner\">\n\t\t<div class=\"elementor-element elementor-element-9aa1e51 e-con-full e-flex e-con e-child\" data-id=\"9aa1e51\" data-element_type=\"container\">\n\t\t\t\t<div class=\"elementor-element elementor-element-f35322f elementor-widget elementor-widget-heading\" data-id=\"f35322f\" data-element_type=\"widget\" data-widget_type=\"heading.default\">\n\t\t\t\t<div class=\"elementor-widget-container\">\n\t\t\t\t\t<h4 class=\"elementor-heading-title elementor-size-default\">Bon d\u00e9lire<\/h4>\t\t\t\t<\/div>\n\t\t\t\t<\/div>\n\t\t\t\t<div class=\"elementor-element elementor-element-b6225db elementor-widget elementor-widget-text-editor\" data-id=\"b6225db\" data-element_type=\"widget\" data-widget_type=\"text-editor.default\">\n\t\t\t\t<div class=\"elementor-widget-container\">\n\t\t\t\t\t\t\t\t\t<p>On sait faire le show, on sait faire tourner les t\u00eates, mais surtout, on sait d\u00e9lirer et se moquer des clich\u00e9s. L'humour, c'est autant notre marque de fabrique que notre style. On pense que le rire, c\u2019est le meilleur moyen de casser les st\u00e9r\u00e9otypes et de montrer que la banlieue, c\u2019est pas juste le clich\u00e9 des m\u00e9dias. Nos designs sont un m\u00e9lange unique de style urbain et d'humour d\u00e9cal\u00e9. Parce qu'au fond, avance-t-on plus vite en \u00e9tant toujours coinc\u00e9 ?<\/p>\t\t\t\t\t\t\t\t<\/div>\n\t\t\t\t<\/div>\n\t\t\t\t<\/div>\n\t\t\t\t<div class=\"elementor-element elementor-element-14a6aa0 elementor-widget__width-initial elementor-widget-tablet__width-inherit elementor-widget elementor-widget-image\" data-id=\"14a6aa0\" data-element_type=\"widget\" data-widget_type=\"image.default\">\n\t\t\t\t<div class=\"elementor-widget-container\">\n\t\t\t\t\t\t\t\t\t\t\t\t\t\t\t<img decoding=\"async\" width=\"1440\" height=\"2560\" src=\"https:\/\/banlieuechic.com\/wp-content\/uploads\/2024\/09\/PXL_20240907_141441537.MP_-scaled.jpg\" class=\"attachment-full size-full wp-image-4301\" alt=\"\" srcset=\"https:\/\/banlieuechic.com\/wp-content\/uploads\/2024\/09\/PXL_20240907_141441537.MP_-scaled.jpg 1440w, https:\/\/banlieuechic.com\/wp-content\/uploads\/2024\/09\/PXL_20240907_141441537.MP_-169x300.jpg 169w, https:\/\/banlieuechic.com\/wp-content\/uploads\/2024\/09\/PXL_20240907_141441537.MP_-576x1024.jpg 576w, https:\/\/banlieuechic.com\/wp-content\/uploads\/2024\/09\/PXL_20240907_141441537.MP_-768x1365.jpg 768w, https:\/\/banlieuechic.com\/wp-content\/uploads\/2024\/09\/PXL_20240907_141441537.MP_-864x1536.jpg 864w, https:\/\/banlieuechic.com\/wp-content\/uploads\/2024\/09\/PXL_20240907_141441537.MP_-1152x2048.jpg 1152w, https:\/\/banlieuechic.com\/wp-content\/uploads\/2024\/09\/PXL_20240907_141441537.MP_-7x12.jpg 7w, https:\/\/banlieuechic.com\/wp-content\/uploads\/2024\/09\/PXL_20240907_141441537.MP_-300x533.jpg 300w, https:\/\/banlieuechic.com\/wp-content\/uploads\/2024\/09\/PXL_20240907_141441537.MP_-1320x2347.jpg 1320w, https:\/\/banlieuechic.com\/wp-content\/uploads\/2024\/09\/PXL_20240907_141441537.MP_-600x1067.jpg 600w\" sizes=\"(max-width: 1440px) 100vw, 1440px\" \/>\t\t\t\t\t\t\t\t\t\t\t\t\t\t\t<\/div>\n\t\t\t\t<\/div>\n\t\t\t\t\t<\/div>\n\t\t\t\t<\/div>\n\t\t\t\t<\/div>","protected":false},"excerpt":{"rendered":"<p>About us We&#8217;re more than just a clothing brand; we&#8217;re a celebration of the vibrant energy that pulses through the banlieues. Banlieue Chic captures the essence of these dynamic neighborhoods, transforming it into stylish, wearable art. Proud We wear our banlieue roots with pride. These neighborhoods are a melting pot of cultures, where talent, innovation, [&hellip;]<\/p>","protected":false},"author":1,"featured_media":0,"parent":0,"menu_order":0,"comment_status":"closed","ping_status":"closed","template":"","meta":{"footnotes":""},"class_list":["post-3127","page","type-page","status-publish","hentry"],"blocksy_meta":{"has_hero_section":"default","vertical_spacing_source":"inherit","content_area_spacing":"none","styles_descriptor":{"styles":{"desktop":"","tablet":"","mobile":""},"google_fonts":[],"version":6}},"jetpack_sharing_enabled":true,"_links":{"self":[{"href":"https:\/\/banlieuechic.com\/fr\/wp-json\/wp\/v2\/pages\/3127","targetHints":{"allow":["GET"]}}],"collection":[{"href":"https:\/\/banlieuechic.com\/fr\/wp-json\/wp\/v2\/pages"}],"about":[{"href":"https:\/\/banlieuechic.com\/fr\/wp-json\/wp\/v2\/types\/page"}],"author":[{"embeddable":true,"href":"https:\/\/banlieuechic.com\/fr\/wp-json\/wp\/v2\/users\/1"}],"replies":[{"embeddable":true,"href":"https:\/\/banlieuechic.com\/fr\/wp-json\/wp\/v2\/comments?post=3127"}],"version-history":[{"count":46,"href":"https:\/\/banlieuechic.com\/fr\/wp-json\/wp\/v2\/pages\/3127\/revisions"}],"predecessor-version":[{"id":4304,"href":"https:\/\/banlieuechic.com\/fr\/wp-json\/wp\/v2\/pages\/3127\/revisions\/4304"}],"wp:attachment":[{"href":"https:\/\/banlieuechic.com\/fr\/wp-json\/wp\/v2\/media?parent=3127"}],"curies":[{"name":"wp","href":"https:\/\/api.w.org\/{rel}","templated":true}]}}