{"id":4198,"date":"2024-08-19T23:00:30","date_gmt":"2024-08-19T23:00:30","guid":{"rendered":"https:\/\/banlieuechic.com\/?page_id=4198"},"modified":"2025-08-01T17:28:29","modified_gmt":"2025-08-01T17:28:29","slug":"shipping-policy","status":"publish","type":"page","link":"https:\/\/banlieuechic.com\/fr\/shipping-policy\/","title":{"rendered":"Politique d'exp\u00e9dition"},"content":{"rendered":"<div data-elementor-type=\"wp-page\" data-elementor-id=\"4198\" class=\"elementor elementor-4198\">\n\t\t\t\t<div class=\"elementor-element elementor-element-c0b639a e-flex e-con-boxed e-con e-parent\" data-id=\"c0b639a\" data-element_type=\"container\">\n\t\t\t\t\t<div class=\"e-con-inner\">\n\t\t\t\t<div class=\"elementor-element elementor-element-30f0e3a elementor-widget elementor-widget-heading\" data-id=\"30f0e3a\" data-element_type=\"widget\" data-widget_type=\"heading.default\">\n\t\t\t\t<div class=\"elementor-widget-container\">\n\t\t\t\t\t<h1 class=\"elementor-heading-title elementor-size-default\">Politique d'exp\u00e9dition<\/h1>\t\t\t\t<\/div>\n\t\t\t\t<\/div>\n\t\t\t\t<div class=\"elementor-element elementor-element-df7e682 elementor-widget elementor-widget-text-editor\" data-id=\"df7e682\" data-element_type=\"widget\" data-widget_type=\"text-editor.default\">\n\t\t\t\t<div class=\"elementor-widget-container\">\n\t\t\t\t\t\t\t\t\t<p>Chez Banlieue Chic, nous nous effor\u00e7ons de vous livrer vos commandes rapidement et dans d'excellentes conditions. Veuillez consulter ci-dessous notre politique d'exp\u00e9dition:<\/p>\t\t\t\t\t\t\t\t<\/div>\n\t\t\t\t<\/div>\n\t\t\t\t<div class=\"elementor-element elementor-element-f46e0d0 elementor-widget elementor-widget-heading\" data-id=\"f46e0d0\" data-element_type=\"widget\" data-widget_type=\"heading.default\">\n\t\t\t\t<div class=\"elementor-widget-container\">\n\t\t\t\t\t<h2 class=\"elementor-heading-title elementor-size-default\">Processing &amp; Shipping Times<\/h2>\t\t\t\t<\/div>\n\t\t\t\t<\/div>\n\t\t\t\t<div class=\"elementor-element elementor-element-aa2ffa3 elementor-widget elementor-widget-text-editor\" data-id=\"aa2ffa3\" data-element_type=\"widget\" data-widget_type=\"text-editor.default\">\n\t\t\t\t<div class=\"elementor-widget-container\">\n\t\t\t\t\t\t\t\t\t<h3><strong>D\u00e9lai de Traitement<\/strong><\/h3><p>All orders are processed within 1-3 days. Once your order has been processed, you will receive a notification via email with the details of your order and shipment.<\/p>\t\t\t\t\t\t\t\t<\/div>\n\t\t\t\t<\/div>\n\t\t\t\t<div class=\"elementor-element elementor-element-3db4423 elementor-widget elementor-widget-heading\" data-id=\"3db4423\" data-element_type=\"widget\" data-widget_type=\"heading.default\">\n\t\t\t\t<div class=\"elementor-widget-container\">\n\t\t\t\t\t<h3 class=\"elementor-heading-title elementor-size-default\">D\u00e9lai de Livraison\n<\/h3>\t\t\t\t<\/div>\n\t\t\t\t<\/div>\n\t\t\t\t<div class=\"elementor-element elementor-element-cdf56bd elementor-widget elementor-widget-text-editor\" data-id=\"cdf56bd\" data-element_type=\"widget\" data-widget_type=\"text-editor.default\">\n\t\t\t\t<div class=\"elementor-widget-container\">\n\t\t\t\t\t\t\t\t\t<p>Veuillez noter que nos t-shirts sont imprim\u00e9s aux \u00c9tats-Unis et au Canada. Par cons\u00e9quent, les d\u00e9lais de livraison en dehors de ces pays peuvent \u00eatre plus longs.<\/p>\t\t\t\t\t\t\t\t<\/div>\n\t\t\t\t<\/div>\n\t\t\t\t<div class=\"elementor-element elementor-element-a31e0bb elementor-widget elementor-widget-html\" data-id=\"a31e0bb\" data-element_type=\"widget\" data-widget_type=\"html.default\">\n\t\t\t\t<div class=\"elementor-widget-container\">\n\t\t\t\t\t<table border=\"1\" cellpadding=\"10\" cellspacing=\"0\" style=\"width: 100%; border-collapse: collapse;\">\n  <thead>\n    <tr>\n      <th style=\"text-align: left;\">Pays<\/th>\n      <th style=\"text-align: left;\">D\u00e9lai de livraison estim\u00e9<\/th>\n    <\/tr>\n  <\/thead>\n  <tbody>\n    <tr>\n      <td>\u00c9tats-Unis<\/td>\n      <td>6-9 days<\/td>\n    <\/tr>\n    <tr>\n      <td>Canada<\/td>\n      <td>8-11 days<\/td>\n    <\/tr>\n    <tr>\n      <td>France<\/td>\n      <td>10-21 days<\/td>\n    <\/tr>\n    <tr>\n      <td>Royaume-Uni<\/td>\n      <td>10-15 days<\/td>\n    <\/tr>\n    <tr>\n      <td>Allemagne<\/td>\n      <td>10\u201315 days<\/td>\n    <\/tr>\n    <tr>\n      <td>Pays-Bas<\/td>\n      <td>10\u201315 days<\/td>\n    <\/tr>\n    <tr>\n      <td>Espagne<\/td>\n      <td>10-15 days<\/td>\n    <\/tr>\n    <tr>\n      <td>Portugal<\/td>\n      <td>10\u201321 days<\/td>\n    <\/tr>\n    <tr>\n      <td>Br\u00e9sil<\/td>\n      <td>15-21 days<\/td>\n    <\/tr>\n    <tr>\n      <td>Australie<\/td>\n      <td>15\u201325 days<\/td>\n    <\/tr>\n    <tr>\n      <td>Japon<\/td>\n      <td>10-15 days<\/td>\n    <\/tr>\n  <\/tbody>\n<\/table>\n\t\t\t\t<\/div>\n\t\t\t\t<\/div>\n\t\t\t\t<div class=\"elementor-element elementor-element-94bc5ca elementor-widget elementor-widget-heading\" data-id=\"94bc5ca\" data-element_type=\"widget\" data-widget_type=\"heading.default\">\n\t\t\t\t<div class=\"elementor-widget-container\">\n\t\t\t\t\t<h2 class=\"elementor-heading-title elementor-size-default\">Frais d'exp\u00e9dition<\/h2>\t\t\t\t<\/div>\n\t\t\t\t<\/div>\n\t\t\t\t<div class=\"elementor-element elementor-element-7312e9d elementor-widget elementor-widget-heading\" data-id=\"7312e9d\" data-element_type=\"widget\" data-widget_type=\"heading.default\">\n\t\t\t\t<div class=\"elementor-widget-container\">\n\t\t\t\t\t<h3 class=\"elementor-heading-title elementor-size-default\">Informations suppl\u00e9mentaires<\/h3>\t\t\t\t<\/div>\n\t\t\t\t<\/div>\n\t\t\t\t<div class=\"elementor-element elementor-element-21e8cbc elementor-widget elementor-widget-text-editor\" data-id=\"21e8cbc\" data-element_type=\"widget\" data-widget_type=\"text-editor.default\">\n\t\t\t\t<div class=\"elementor-widget-container\">\n\t\t\t\t\t\t\t\t\t<ul><li><strong>Tarif fixe<\/strong>:<ul><li>US: $5.00<\/li><li>Canada:\u00a0<span style=\"text-wrap-mode: nowrap;\">$8.00<\/span><\/li><li>EU:\u00a0<span style=\"text-wrap-mode: nowrap;\">\u20ac5.00<\/span><\/li><li><span style=\"text-wrap-mode: nowrap;\">Swiss:\u00a0<\/span><span style=\"text-wrap-mode: nowrap;\">CHF 5.00<\/span><\/li><li><span style=\"text-wrap-mode: nowrap;\">Norway:\u00a0<\/span><span style=\"text-wrap-mode: nowrap;\">KR 56.00<\/span><\/li><li><span style=\"text-wrap-mode: nowrap;\">Denmark: KR 36.00<\/span><\/li><li><span style=\"text-wrap-mode: nowrap;\">Sweden: KR 56.00<\/span><\/li><li>Poland: z\u0142 21.00<\/li><li>Australia:\u00a0<span style=\"text-wrap-mode: nowrap;\">$8.00<\/span><\/li><li>New Zealand:\u00a0<span style=\"text-wrap-mode: nowrap;\">$9.00<\/span><\/li><li>Brazil: R$ 29.00<\/li><li>Japan: \u00a5800.00<\/li><\/ul><\/li><li><strong>Livraison Gratuite<\/strong>: Orders qualify for free shipping when over the amount below<ul><li>US: $100.00<\/li><li>Canada:\u00a0<span style=\"text-wrap-mode: nowrap;\">$15.00<\/span><\/li><li>EU:\u00a0<span style=\"text-wrap-mode: nowrap;\">\u20ac100.00<\/span><\/li><li><span style=\"text-wrap-mode: nowrap;\">Swiss:\u00a0<\/span><span style=\"text-wrap-mode: nowrap;\">CHF 100.00<\/span><\/li><li><span style=\"text-wrap-mode: nowrap;\">Norway:\u00a0<\/span><span style=\"text-wrap-mode: nowrap;\">KR 1250.00<\/span><\/li><li><span style=\"text-wrap-mode: nowrap;\">Denmark: KR 750.00<\/span><\/li><li><span style=\"text-wrap-mode: nowrap;\">Sweden: KR 1250.00<\/span><\/li><li>Poland: z\u0142 400.00<\/li><li>Australia:\u00a0<span style=\"text-wrap-mode: nowrap;\">$160.00<\/span><\/li><li>New Zealand:\u00a0<span style=\"text-wrap-mode: nowrap;\">$180.00<\/span><\/li><li>Brazil: R$ 600.00<\/li><li>Japan: \u00a516000.00<\/li><\/ul><\/li><\/ul>\t\t\t\t\t\t\t\t<\/div>\n\t\t\t\t<\/div>\n\t\t\t\t<div class=\"elementor-element elementor-element-6cc8aea elementor-widget elementor-widget-text-editor\" data-id=\"6cc8aea\" data-element_type=\"widget\" data-widget_type=\"text-editor.default\">\n\t\t\t\t<div class=\"elementor-widget-container\">\n\t\t\t\t\t\t\t\t\t<ul><li><strong>Notifications de commande<\/strong>: Les clients seront inform\u00e9s par e-mail lorsque leur commande aura \u00e9t\u00e9 trait\u00e9e et de nouveau lorsqu'elle aura \u00e9t\u00e9 exp\u00e9di\u00e9e.<\/li><li><strong>Restrictions d'exp\u00e9dition<\/strong>: Malheureusement, nous n'offrons pas d'exp\u00e9dition express pour le moment.<\/li><\/ul><p>Si vous avez des questions concernant votre commande ou notre politique d'exp\u00e9dition, n'h\u00e9sitez pas \u00e0 <a href=\"https:\/\/banlieuechic.com\/fr\/contact\/\" rel=\"noopener\">nous contacter<\/a> via notre formulaire de contact.<\/p>\t\t\t\t\t\t\t\t<\/div>\n\t\t\t\t<\/div>\n\t\t\t\t\t<\/div>\n\t\t\t\t<\/div>\n\t\t\t\t<\/div>","protected":false},"excerpt":{"rendered":"<p>Shipping policy At Banlieue Chic, we strive to ensure that your orders are delivered promptly and in excellent condition. Please review our shipping policy below: Processing &amp; Shipping Times Processing Time All orders are processed within 1-3 days. Once your order has been processed, you will receive a notification via email with the details of [&hellip;]<\/p>","protected":false},"author":1,"featured_media":0,"parent":0,"menu_order":0,"comment_status":"closed","ping_status":"closed","template":"","meta":{"footnotes":""},"class_list":["post-4198","page","type-page","status-publish","hentry"],"blocksy_meta":[],"jetpack_sharing_enabled":true,"_links":{"self":[{"href":"https:\/\/banlieuechic.com\/fr\/wp-json\/wp\/v2\/pages\/4198","targetHints":{"allow":["GET"]}}],"collection":[{"href":"https:\/\/banlieuechic.com\/fr\/wp-json\/wp\/v2\/pages"}],"about":[{"href":"https:\/\/banlieuechic.com\/fr\/wp-json\/wp\/v2\/types\/page"}],"author":[{"embeddable":true,"href":"https:\/\/banlieuechic.com\/fr\/wp-json\/wp\/v2\/users\/1"}],"replies":[{"embeddable":true,"href":"https:\/\/banlieuechic.com\/fr\/wp-json\/wp\/v2\/comments?post=4198"}],"version-history":[{"count":19,"href":"https:\/\/banlieuechic.com\/fr\/wp-json\/wp\/v2\/pages\/4198\/revisions"}],"predecessor-version":[{"id":5297,"href":"https:\/\/banlieuechic.com\/fr\/wp-json\/wp\/v2\/pages\/4198\/revisions\/5297"}],"wp:attachment":[{"href":"https:\/\/banlieuechic.com\/fr\/wp-json\/wp\/v2\/media?parent=4198"}],"curies":[{"name":"wp","href":"https:\/\/api.w.org\/{rel}","templated":true}]}}