{"id":3747,"date":"2024-06-04T17:41:23","date_gmt":"2024-06-04T17:41:23","guid":{"rendered":"https:\/\/banlieuechic.com\/product\/banlieue-tres-chic-tee-white\/"},"modified":"2025-12-01T11:17:45","modified_gmt":"2025-12-01T11:17:45","slug":"banlieue-tres-chic-tee-white","status":"publish","type":"product","link":"https:\/\/banlieuechic.com\/fr\/produit\/banlieue-tres-chic-tee-white\/","title":{"rendered":"Banlieue Tr\u00e8s Chic Tee - Blanc"},"content":{"rendered":"<p><strong>The Banlieue Tr\u00e8s Chic Tee: Elegant, Classy, and Fashionable. Embrace the Pinnacle of Urban Chic<\/strong><\/p>\n<p>\u2022 Confort Premium : 100% coton peign\u00e9 fil\u00e9 \u00e0 l\u2019anneau pour une douceur exceptionnelle et un bien-\u00eatre qui dure toute la journ\u00e9e.<br \/>\n\u2022 Tissu de qualit\u00e9 : Poids g\u00e9n\u00e9reux de 220 g\/m\u00b2 qui marie durabilit\u00e9 et toucher haut de gamme.<br \/>\n\u2022 Coupe Classique : Montage lat\u00e9ral pour une silhouette nette. Prenez une taille au-dessus pour un look oversized<br \/>\n\u2022 Finition Raffin\u00e9e : Col en bord-c\u00f4te 1 \u00d7 1 et surpiq\u00fbres minutieuses \u00e0 aiguille unique, gage d\u2019un savoir-faire d\u2019exception.<br \/>\nBanlieue Chic conjugue \u00e9l\u00e9gance urbaine avec l'authenticit\u00e9 des quartier, une qualit\u00e9 premium sans se la raconter.<\/p>\n<p>This product is made especially for you as soon as you place an order, which is why it takes us a bit longer to deliver it to you. Making products on demand instead of in bulk helps reduce overproduction, so thank you for making thoughtful purchasing decisions!<\/p>\n<p>Informations compl\u00e9mentaires :<\/p>\n<p><span style=\"font-size: 12px;\">Restrictions d\u2019\u00e2ge : Pour adultes<\/span><br \/>\n<span style=\"font-size: 12px;\">Garantie UE : 2 ans<\/span><br \/>\n<span style=\"font-size: 12px;\">Autres informations de conformit\u00e9 : Conforme aux exigences en mati\u00e8re d\u2019inflammabilit\u00e9, de plomb, de cadmium, de bisph\u00e9nols et de phtalates.<\/span><\/p>\n<p><span style=\"font-size: 12px;\">Conform\u00e9ment au R\u00e8glement g\u00e9n\u00e9ral sur la s\u00e9curit\u00e9 des produits (RGSP) <b>Estiuka Ltd<\/b> garantit que tous les produits de consommation propos\u00e9s sont s\u00fbrs et respectent les normes de l\u2019UE. Pour toute question ou pr\u00e9occupation relative \u00e0 la s\u00e9curit\u00e9 des produits, veuillez contacter notre repr\u00e9sentant dans l\u2019UE \u00e0 l\u2019adresse <b>contact@estiuka.com<\/b>. <\/span><\/p>\n<p><span style=\"font-size: 12px;\">Vous pouvez \u00e9galement nous \u00e9crire \u00e0 : <\/span><\/p>\n<p><span style=\"font-size: 12px;\"><b>Flat 5, Collection Point<br \/>\n73 Crouch Hall Road<br \/>\nN8 8HF London, United Kingdom<\/b> <\/span><\/p>\n<p><span style=\"font-size: 12px;\">ou<b> <\/b><\/span><\/p>\n<p><b><span style=\"font-size: 12px;\">5 Place des Erables<\/span><br \/>\n<span style=\"font-size: 12px;\">94470 Boissy Saint L\u00e9ger<\/span><br \/>\n<span style=\"font-size: 12px;\">France.<\/span><\/b><\/p>","protected":false},"excerpt":{"rendered":"<p>The Banlieue Tr\u00e8s Chic Tee: Elegant, Classy, and Fashionable. Embrace the Pinnacle of Urban Chic \u2022 Premium Comfort: Made from 100% combed ring-spun cotton for exceptional softness and all-day comfort. \u2022 Quality Fabric: With a substantial 6.5 oz\/yd\u00b2 (220 g\/m\u00b2) fabric weight, this tee combines durability with a premium feel. \u2022 Regular Fit: A classic [&hellip;]<\/p>","protected":false},"featured_media":4569,"comment_status":"open","ping_status":"closed","template":"","meta":[],"product_brand":[],"product_cat":[73,69],"product_tag":[49],"class_list":{"0":"post-3747","1":"product","2":"type-product","3":"status-publish","4":"has-post-thumbnail","6":"product_cat-t-shirts","7":"product_cat-les-essentiels","8":"product_tag-tres-chic","10":"first","11":"instock","12":"shipping-taxable","13":"purchasable","14":"product-type-variable"},"jetpack_sharing_enabled":true,"_links":{"self":[{"href":"https:\/\/banlieuechic.com\/fr\/wp-json\/wp\/v2\/product\/3747","targetHints":{"allow":["GET"]}}],"collection":[{"href":"https:\/\/banlieuechic.com\/fr\/wp-json\/wp\/v2\/product"}],"about":[{"href":"https:\/\/banlieuechic.com\/fr\/wp-json\/wp\/v2\/types\/product"}],"replies":[{"embeddable":true,"href":"https:\/\/banlieuechic.com\/fr\/wp-json\/wp\/v2\/comments?post=3747"}],"wp:featuredmedia":[{"embeddable":true,"href":"https:\/\/banlieuechic.com\/fr\/wp-json\/wp\/v2\/media\/4569"}],"wp:attachment":[{"href":"https:\/\/banlieuechic.com\/fr\/wp-json\/wp\/v2\/media?parent=3747"}],"wp:term":[{"taxonomy":"product_brand","embeddable":true,"href":"https:\/\/banlieuechic.com\/fr\/wp-json\/wp\/v2\/product_brand?post=3747"},{"taxonomy":"product_cat","embeddable":true,"href":"https:\/\/banlieuechic.com\/fr\/wp-json\/wp\/v2\/product_cat?post=3747"},{"taxonomy":"product_tag","embeddable":true,"href":"https:\/\/banlieuechic.com\/fr\/wp-json\/wp\/v2\/product_tag?post=3747"}],"curies":[{"name":"wp","href":"https:\/\/api.w.org\/{rel}","templated":true}]}}