{"id":4463,"date":"2024-11-02T18:19:57","date_gmt":"2024-11-02T18:19:57","guid":{"rendered":"https:\/\/banlieuechic.com\/product\/make-you-chic-er-tee-white\/"},"modified":"2025-12-01T11:17:45","modified_gmt":"2025-12-01T11:17:45","slug":"makes-you-chicer-tee-white","status":"publish","type":"product","link":"https:\/\/banlieuechic.com\/fr\/produit\/makes-you-chicer-tee-white\/","title":{"rendered":"Makes You Chicer Tee \u2013 White"},"content":{"rendered":"<p><strong>Le t-shirt Make You Chic-er : Notre version de la c\u00e9l\u00e8bre phrase \u00ab Ce qui ne te tue pas te rend plus fort \u00bb parce que, si \u00e7a te rend plus fort, pourquoi pas plus classe. On est Fier, Confiant et D\u00e9termin\u00e9 mais surtout Styl\u00e9.<\/strong><\/p>\n<p>\u2022 Confort Premium : 100% coton peign\u00e9 fil\u00e9 \u00e0 l\u2019anneau pour une douceur exceptionnelle et un bien-\u00eatre qui dure toute la journ\u00e9e.<br \/>\n\u2022 Tissu de qualit\u00e9 : Poids g\u00e9n\u00e9reux de 220 g\/m\u00b2 qui marie durabilit\u00e9 et toucher haut de gamme.<br \/>\n\u2022 Coupe Classique : Montage lat\u00e9ral pour une silhouette nette. Prenez une taille au-dessus pour un look oversized<br \/>\n\u2022 Finition Raffin\u00e9e : Col en bord-c\u00f4te 1 \u00d7 1 et surpiq\u00fbres minutieuses \u00e0 aiguille unique, gage d\u2019un savoir-faire d\u2019exception.<br \/>\nBanlieue Chic conjugue \u00e9l\u00e9gance urbaine avec l'authenticit\u00e9 des quartier, une qualit\u00e9 premium sans se la raconter.<\/p>\n<p>Chaque t-shirt Banlieue Chic est fabriqu\u00e9 sp\u00e9cifiquement pour vous \u00e0 la commande, incarnant notre engagement envers la durabilit\u00e9 et la r\u00e9duction de la surproduction. Votre achat r\u00e9fl\u00e9chi non seulement rehausse votre style, mais soutient \u00e9galement une consommation consciente \u2013 merci de choisir Banlieue Chic.<\/p>\n<p>Informations compl\u00e9mentaires :<\/p>\n<p><span style=\"font-size: 12px;\">Restrictions d\u2019\u00e2ge : Pour adultes<\/span><br \/>\n<span style=\"font-size: 12px;\">Garantie UE : 2 ans<\/span><br \/>\n<span style=\"font-size: 12px;\">Autres informations de conformit\u00e9 : Conforme aux exigences en mati\u00e8re d\u2019inflammabilit\u00e9, de plomb, de cadmium, de bisph\u00e9nols et de phtalates.<\/span><\/p>\n<p><span style=\"font-size: 12px;\">Conform\u00e9ment au R\u00e8glement g\u00e9n\u00e9ral sur la s\u00e9curit\u00e9 des produits (RGSP) <b>Estiuka Ltd<\/b> garantit que tous les produits de consommation propos\u00e9s sont s\u00fbrs et respectent les normes de l\u2019UE. Pour toute question ou pr\u00e9occupation relative \u00e0 la s\u00e9curit\u00e9 des produits, veuillez contacter notre repr\u00e9sentant dans l\u2019UE \u00e0 l\u2019adresse <b>contact@estiuka.com<\/b>. <\/span><\/p>\n<p><span style=\"font-size: 12px;\">Vous pouvez \u00e9galement nous \u00e9crire \u00e0 : <\/span><\/p>\n<p><span style=\"font-size: 12px;\"><b>Flat 5, Collection Point<br \/>\n73 Crouch Hall Road<br \/>\nN8 8HF London, United Kingdom<\/b> <\/span><\/p>\n<p><span style=\"font-size: 12px;\">ou<b> <\/b><\/span><\/p>\n<p><b><span style=\"font-size: 12px;\">5 Place des Erables<\/span><br \/>\n<span style=\"font-size: 12px;\">94470 Boissy Saint L\u00e9ger<\/span><br \/>\n<span style=\"font-size: 12px;\">France.<\/span><\/b><\/p>","protected":false},"excerpt":{"rendered":"<p>Make You Chic-er Tee: Our take on the famous quote &#8220;What doesn\u2019t kill you makes you stronger&#8221; because why not. We are Proud, Strong and Bold but overall Stylish. \u2022 Premium Comfort: Made from 100% combed ring-spun cotton for exceptional softness and all-day comfort. \u2022 Quality Fabric: With a substantial 6.5 oz\/yd\u00b2 (220 g\/m\u00b2) fabric [&hellip;]<\/p>","protected":false},"featured_media":5277,"comment_status":"open","ping_status":"closed","template":"","meta":[],"product_brand":[],"product_cat":[73,70],"product_tag":[55],"class_list":{"0":"post-4463","1":"product","2":"type-product","3":"status-publish","4":"has-post-thumbnail","6":"product_cat-t-shirts","7":"product_cat-esprit-de-bc","8":"product_tag-quote","10":"first","11":"instock","12":"shipping-taxable","13":"purchasable","14":"product-type-variable"},"jetpack_sharing_enabled":true,"_links":{"self":[{"href":"https:\/\/banlieuechic.com\/fr\/wp-json\/wp\/v2\/product\/4463","targetHints":{"allow":["GET"]}}],"collection":[{"href":"https:\/\/banlieuechic.com\/fr\/wp-json\/wp\/v2\/product"}],"about":[{"href":"https:\/\/banlieuechic.com\/fr\/wp-json\/wp\/v2\/types\/product"}],"replies":[{"embeddable":true,"href":"https:\/\/banlieuechic.com\/fr\/wp-json\/wp\/v2\/comments?post=4463"}],"wp:featuredmedia":[{"embeddable":true,"href":"https:\/\/banlieuechic.com\/fr\/wp-json\/wp\/v2\/media\/5277"}],"wp:attachment":[{"href":"https:\/\/banlieuechic.com\/fr\/wp-json\/wp\/v2\/media?parent=4463"}],"wp:term":[{"taxonomy":"product_brand","embeddable":true,"href":"https:\/\/banlieuechic.com\/fr\/wp-json\/wp\/v2\/product_brand?post=4463"},{"taxonomy":"product_cat","embeddable":true,"href":"https:\/\/banlieuechic.com\/fr\/wp-json\/wp\/v2\/product_cat?post=4463"},{"taxonomy":"product_tag","embeddable":true,"href":"https:\/\/banlieuechic.com\/fr\/wp-json\/wp\/v2\/product_tag?post=4463"}],"curies":[{"name":"wp","href":"https:\/\/api.w.org\/{rel}","templated":true}]}}