{"id":4664,"date":"2025-03-11T00:03:01","date_gmt":"2025-03-11T00:03:01","guid":{"rendered":"https:\/\/banlieuechic.com\/product\/real-or-seen\/"},"modified":"2025-12-01T11:17:45","modified_gmt":"2025-12-01T11:17:45","slug":"real-or-seen","status":"publish","type":"product","link":"https:\/\/banlieuechic.com\/fr\/produit\/real-or-seen\/","title":{"rendered":"Real or Seen Tee \u2013 Blanc"},"content":{"rendered":"<p>Real or Seen\u2014qui a dit qu'il fallait choisir?<br \/>\nPeu importe ce qu\u2019ils pensent \u2013 ceci est pour ceux qui \u00e9crivent leur propre histoire.<\/p>\n<p>\u2022 Premium Fabric: Crafted from 100% combed ring-spun cotton, ensuring a soft touch against your skin. The Charcoal Heather and Carbon Grey variants feature a blend of 60% cotton and 40% polyester for added flexibility.<br \/>\n\u2022 R\u00e9sistant: Avec un poids de tissu de 6,5 oz\/yd\u00b2 (220 g\/m\u00b2), ce t-shirt offre une sensation de qualit\u00e9 et une durabilit\u00e9 remarquables.<br \/>\n\u2022 Coupe Parfaite: Profitez d'une coupe r\u00e9guli\u00e8re avec une construction \u00e0 coutures lat\u00e9rales, offrant une silhouette flatteuse pour toutes les morphologies.<br \/>\n\u2022 Soin du D\u00e9tail: Dispose d'un col c\u00f4tel\u00e9 1 \u00d7 1 et d'une couture simple au bord de 7\/8\u2033 pour une finition raffin\u00e9e.<br \/>\n\u2022 Our blank products are sourced responsibly from skilled manufacturers in Bangladesh.<\/p>\n<p>Chaque t-shirt Banlieue Chic est fabriqu\u00e9 sp\u00e9cifiquement pour vous \u00e0 la commande, incarnant notre engagement envers la durabilit\u00e9 et la r\u00e9duction de la surproduction. Votre achat r\u00e9fl\u00e9chi non seulement rehausse votre style, mais soutient \u00e9galement une consommation consciente \u2013 merci de choisir Banlieue Chic.<\/p>\n<p>Informations compl\u00e9mentaires :<\/p>\n<p><span style=\"font-size: 12px;\">Restrictions d\u2019\u00e2ge : Pour adultes<\/span><br \/>\n<span style=\"font-size: 12px;\">Garantie UE : 2 ans<\/span><br \/>\n<span style=\"font-size: 12px;\">Autres informations de conformit\u00e9 : Conforme aux exigences en mati\u00e8re d\u2019inflammabilit\u00e9, de plomb, de cadmium, de bisph\u00e9nols et de phtalates.<\/span><\/p>\n<p><span style=\"font-size: 12px;\">Conform\u00e9ment au R\u00e8glement g\u00e9n\u00e9ral sur la s\u00e9curit\u00e9 des produits (RGSP) <b>Estiuka Ltd<\/b> garantit que tous les produits de consommation propos\u00e9s sont s\u00fbrs et respectent les normes de l\u2019UE. Pour toute question ou pr\u00e9occupation relative \u00e0 la s\u00e9curit\u00e9 des produits, veuillez contacter notre repr\u00e9sentant dans l\u2019UE \u00e0 l\u2019adresse <b>contact@estiuka.com<\/b>. <\/span><\/p>\n<p><span style=\"font-size: 12px;\">Vous pouvez \u00e9galement nous \u00e9crire \u00e0 : <\/span><\/p>\n<p><span style=\"font-size: 12px;\"><b>Flat 5, Collection Point<br \/>\n73 Crouch Hall Road<br \/>\nN8 8HF London, United Kingdom<\/b> <\/span><\/p>\n<p><span style=\"font-size: 12px;\">ou<b> <\/b><\/span><\/p>\n<p><b><span style=\"font-size: 12px;\">5 Place des Erables<\/span><br \/>\n<span style=\"font-size: 12px;\">94470 Boissy Saint L\u00e9ger<\/span><br \/>\n<span style=\"font-size: 12px;\">France.<\/span><\/b><\/p>","protected":false},"excerpt":{"rendered":"<p>Real or Seen\u2014who says you have to choose? Doesn&#8217;t matter what they think\u2014this is for those who shape their own story. \u2022 Premium Fabric: Crafted from 100% combed ring-spun cotton, ensuring a soft touch against your skin. The Charcoal Heather and Carbon Grey variants feature a blend of 60% cotton and 40% polyester for added [&hellip;]<\/p>","protected":false},"featured_media":4674,"comment_status":"open","ping_status":"closed","template":"","meta":[],"product_brand":[],"product_cat":[73,70],"product_tag":[],"class_list":{"0":"post-4664","1":"product","2":"type-product","3":"status-publish","4":"has-post-thumbnail","6":"product_cat-t-shirts","7":"product_cat-esprit-de-bc","9":"first","10":"instock","11":"shipping-taxable","12":"purchasable","13":"product-type-variable"},"jetpack_sharing_enabled":true,"_links":{"self":[{"href":"https:\/\/banlieuechic.com\/fr\/wp-json\/wp\/v2\/product\/4664","targetHints":{"allow":["GET"]}}],"collection":[{"href":"https:\/\/banlieuechic.com\/fr\/wp-json\/wp\/v2\/product"}],"about":[{"href":"https:\/\/banlieuechic.com\/fr\/wp-json\/wp\/v2\/types\/product"}],"replies":[{"embeddable":true,"href":"https:\/\/banlieuechic.com\/fr\/wp-json\/wp\/v2\/comments?post=4664"}],"wp:featuredmedia":[{"embeddable":true,"href":"https:\/\/banlieuechic.com\/fr\/wp-json\/wp\/v2\/media\/4674"}],"wp:attachment":[{"href":"https:\/\/banlieuechic.com\/fr\/wp-json\/wp\/v2\/media?parent=4664"}],"wp:term":[{"taxonomy":"product_brand","embeddable":true,"href":"https:\/\/banlieuechic.com\/fr\/wp-json\/wp\/v2\/product_brand?post=4664"},{"taxonomy":"product_cat","embeddable":true,"href":"https:\/\/banlieuechic.com\/fr\/wp-json\/wp\/v2\/product_cat?post=4664"},{"taxonomy":"product_tag","embeddable":true,"href":"https:\/\/banlieuechic.com\/fr\/wp-json\/wp\/v2\/product_tag?post=4664"}],"curies":[{"name":"wp","href":"https:\/\/api.w.org\/{rel}","templated":true}]}}