{"id":4888,"date":"2025-06-12T23:17:16","date_gmt":"2025-06-12T23:17:16","guid":{"rendered":"https:\/\/banlieuechic.com\/product\/elegance-de-rue-tee-colour-edition\/"},"modified":"2025-12-01T11:17:46","modified_gmt":"2025-12-01T11:17:46","slug":"elegance-de-rue-tee-summer","status":"publish","type":"product","link":"https:\/\/banlieuechic.com\/fr\/produit\/elegance-de-rue-tee-summer\/","title":{"rendered":"Elegance de Rue Tee \u2013 Summer Edition"},"content":{"rendered":"<p><strong>The Elegance de Rue Tee: Refined, Urban, and Sophisticated. The Effortless Chic of the Street.<\/strong><\/p>\n<p><strong>Disponible en<\/strong><br \/>\n\u2022 Rouge Brique \/ Cr\u00e8me<br \/>\n\u2022 Agave (Bleu Ciel) \/ Bleu Marine<br \/>\n\u2022 Or Vintage \/ Vert<br \/>\n\u2022 Blanc \/ Rouge<\/p>\n<p>\u2022 Confort Premium : 100% coton peign\u00e9 fil\u00e9 \u00e0 l\u2019anneau pour une douceur exceptionnelle et un bien-\u00eatre qui dure toute la journ\u00e9e.<br \/>\n\u2022 Tissu de qualit\u00e9 : Poids g\u00e9n\u00e9reux de 220 g\/m\u00b2 qui marie durabilit\u00e9 et toucher haut de gamme.<br \/>\n\u2022 Coupe Classique : Montage lat\u00e9ral pour une silhouette nette. Prenez une taille au-dessus pour un look oversized<br \/>\n\u2022 Finition Raffin\u00e9e : Col en bord-c\u00f4te 1 \u00d7 1 et surpiq\u00fbres minutieuses \u00e0 aiguille unique, gage d\u2019un savoir-faire d\u2019exception.<br \/>\nBanlieue Chic conjugue \u00e9l\u00e9gance urbaine avec l'authenticit\u00e9 des quartier, une qualit\u00e9 premium sans se la raconter.<\/p>\n<p>Chaque t-shirt Banlieue Chic est fabriqu\u00e9 sp\u00e9cifiquement pour vous \u00e0 la commande, incarnant notre engagement envers la durabilit\u00e9 et la r\u00e9duction de la surproduction. Votre achat r\u00e9fl\u00e9chi non seulement rehausse votre style, mais soutient \u00e9galement une consommation consciente. Merci de choisir Banlieue Chic.<\/p>\n<p>Informations compl\u00e9mentaires :<\/p>\n<p><span style=\"font-size: 12px;\">Restrictions d\u2019\u00e2ge : Pour adultes<\/span><br \/>\n<span style=\"font-size: 12px;\">Garantie UE : 2 ans<\/span><br \/>\n<span style=\"font-size: 12px;\">Autres informations de conformit\u00e9 : Conforme aux exigences en mati\u00e8re d\u2019inflammabilit\u00e9, de plomb, de cadmium, de bisph\u00e9nols et de phtalates.<\/span><\/p>\n<p><span style=\"font-size: 12px;\">Conform\u00e9ment au R\u00e8glement g\u00e9n\u00e9ral sur la s\u00e9curit\u00e9 des produits (RGSP) <b>Estiuka Ltd<\/b> garantit que tous les produits de consommation propos\u00e9s sont s\u00fbrs et respectent les normes de l\u2019UE. Pour toute question ou pr\u00e9occupation relative \u00e0 la s\u00e9curit\u00e9 des produits, veuillez contacter notre repr\u00e9sentant dans l\u2019UE \u00e0 l\u2019adresse <b>contact@estiuka.com<\/b>. <\/span><\/p>\n<p><span style=\"font-size: 12px;\">Vous pouvez \u00e9galement nous \u00e9crire \u00e0 : <\/span><\/p>\n<p><span style=\"font-size: 12px;\"><b>Flat 5, Collection Point<br \/>\n73 Crouch Hall Road<br \/>\nN8 8HF London, United Kingdom<\/b> <\/span><\/p>\n<p><span style=\"font-size: 12px;\">ou<b> <\/b><\/span><\/p>\n<p><b><span style=\"font-size: 12px;\">5 Place des Erables<\/span><br \/>\n<span style=\"font-size: 12px;\">94470 Boissy Saint L\u00e9ger<\/span><br \/>\n<span style=\"font-size: 12px;\">France.<\/span><\/b><\/p>","protected":false},"excerpt":{"rendered":"<p>The Elegance de Rue Tee: Refined, Urban, and Sophisticated. The Effortless Chic of the Street. Available in \u2022 Brick Red \/ Cream \u2022 Agave \/ Deep Navy \u2022 Vintage Gold \/ Green \u2022 Crisp White \/ Red \u2022 Premium Comfort: Made from 100% combed ring-spun cotton for exceptional softness and all-day comfort. \u2022 Quality Fabric: [&hellip;]<\/p>","protected":false},"featured_media":5032,"comment_status":"open","ping_status":"closed","template":"","meta":[],"product_brand":[],"product_cat":[73,72],"product_tag":[],"class_list":{"0":"post-4888","1":"product","2":"type-product","3":"status-publish","4":"has-post-thumbnail","6":"product_cat-t-shirts","7":"product_cat-summer-edition","9":"first","10":"instock","11":"shipping-taxable","12":"purchasable","13":"product-type-variable"},"jetpack_sharing_enabled":true,"_links":{"self":[{"href":"https:\/\/banlieuechic.com\/fr\/wp-json\/wp\/v2\/product\/4888","targetHints":{"allow":["GET"]}}],"collection":[{"href":"https:\/\/banlieuechic.com\/fr\/wp-json\/wp\/v2\/product"}],"about":[{"href":"https:\/\/banlieuechic.com\/fr\/wp-json\/wp\/v2\/types\/product"}],"replies":[{"embeddable":true,"href":"https:\/\/banlieuechic.com\/fr\/wp-json\/wp\/v2\/comments?post=4888"}],"wp:featuredmedia":[{"embeddable":true,"href":"https:\/\/banlieuechic.com\/fr\/wp-json\/wp\/v2\/media\/5032"}],"wp:attachment":[{"href":"https:\/\/banlieuechic.com\/fr\/wp-json\/wp\/v2\/media?parent=4888"}],"wp:term":[{"taxonomy":"product_brand","embeddable":true,"href":"https:\/\/banlieuechic.com\/fr\/wp-json\/wp\/v2\/product_brand?post=4888"},{"taxonomy":"product_cat","embeddable":true,"href":"https:\/\/banlieuechic.com\/fr\/wp-json\/wp\/v2\/product_cat?post=4888"},{"taxonomy":"product_tag","embeddable":true,"href":"https:\/\/banlieuechic.com\/fr\/wp-json\/wp\/v2\/product_tag?post=4888"}],"curies":[{"name":"wp","href":"https:\/\/api.w.org\/{rel}","templated":true}]}}