{"id":5321,"date":"2025-10-01T19:18:08","date_gmt":"2025-10-01T19:18:08","guid":{"rendered":"https:\/\/banlieuechic.com\/product\/la-chic-cap\/"},"modified":"2025-12-01T11:17:46","modified_gmt":"2025-12-01T11:17:46","slug":"la-chic-cap","status":"publish","type":"product","link":"https:\/\/banlieuechic.com\/fr\/produit\/la-chic-cap\/","title":{"rendered":"La Chic Cap"},"content":{"rendered":"<p><strong>La Chic : Distinctive, Minimaliste. L\u2019Allure de la Street.<\/strong><\/p>\n<p>\u2022 Broderie BC signature : un monogramme net qui s\u2019impose avec discr\u00e9tion, ajoutant une touche chic \u00e0 ton style.<br \/>\n\u2022 Structure l\u00e9g\u00e8re : 60 % coton \/ 40 % polyester avec dos en mesh 100 % polyester, pens\u00e9e pour un confort respirant au quotidien.<br \/>\n\u2022 Profil affirm\u00e9 : couronne mi-profonde \u00e0 six panneaux avec visi\u00e8re pr\u00e9-courb\u00e9e, offrant un look travaill\u00e9 d\u00e8s le premier port\u00e9.<br \/>\n\u2022 Finition soign\u00e9e : sous-visi\u00e8re assortie \u00e0 la visi\u00e8re pour une ligne continue et des coutures contrast\u00e9es impeccables.<br \/>\n\u2022 Ajustement parfait : fermeture snapback r\u00e9glable qui suit naturellement ton style.<br \/>\n\u2022 Respiration optimale : panneaux en mesh favorisant l\u2019a\u00e9ration, m\u00eame quand le rythme s\u2019acc\u00e9l\u00e8re.<\/p>\n<p>Entretien : nettoyer \u00e0 la main \u00e0 l\u2019eau froide, s\u00e9cher \u00e0 plat.<br \/>\nDisponible en Noir et Carbone\/Noir<\/p>\n<p>Chaque t-shirt Banlieue Chic est fabriqu\u00e9 sp\u00e9cifiquement pour vous \u00e0 la commande, incarnant notre engagement envers la durabilit\u00e9 et la r\u00e9duction de la surproduction. Votre achat r\u00e9fl\u00e9chi non seulement rehausse votre style, mais soutient \u00e9galement une consommation consciente. Merci de choisir Banlieue Chic.<\/p>\n<p>Informations compl\u00e9mentaires :<\/p>\n<p><span style=\"font-size: 12px;\">Restrictions d\u2019\u00e2ge : Pour adultes<\/span><br \/>\n<span style=\"font-size: 12px;\">Garantie UE : 2 ans<\/span><br \/>\n<span style=\"font-size: 12px;\">Autres informations de conformit\u00e9 : Conforme aux exigences en mati\u00e8re d\u2019inflammabilit\u00e9, de plomb, de cadmium, de bisph\u00e9nols et de phtalates.<\/span><\/p>\n<p><span style=\"font-size: 12px;\">Conform\u00e9ment au R\u00e8glement g\u00e9n\u00e9ral sur la s\u00e9curit\u00e9 des produits (RGSP) <b>Estiuka Ltd<\/b> garantit que tous les produits de consommation propos\u00e9s sont s\u00fbrs et respectent les normes de l\u2019UE. Pour toute question ou pr\u00e9occupation relative \u00e0 la s\u00e9curit\u00e9 des produits, veuillez contacter notre repr\u00e9sentant dans l\u2019UE \u00e0 l\u2019adresse <b>contact@estiuka.com<\/b>. <\/span><\/p>\n<p><span style=\"font-size: 12px;\">Vous pouvez \u00e9galement nous \u00e9crire \u00e0 : <\/span><\/p>\n<p><span style=\"font-size: 12px;\"><b>Flat 5, Collection Point<br \/>\n73 Crouch Hall Road<br \/>\nN8 8HF London, United Kingdom<\/b> <\/span><\/p>\n<p><span style=\"font-size: 12px;\">ou<b> <\/b><\/span><\/p>\n<p><b><span style=\"font-size: 12px;\">5 Place des Erables<\/span><br \/>\n<span style=\"font-size: 12px;\">94470 Boissy Saint L\u00e9ger<\/span><br \/>\n<span style=\"font-size: 12px;\">France.<\/span><\/b><\/p>","protected":false},"excerpt":{"rendered":"<p>La Chic Cap: Bold, Minimal. The Edge of the Street. \u2022 Signature BC embroidery: crisp monogram detail that stands out with subtle confidence, instantly elevating any street fit. \u2022 Lightweight build: 60% cotton \/ 40% polyester with a 100% mesh back, breathable structure designed for long wear. \u2022 Effortless street profile: mid-profile, six-panel crown with [&hellip;]<\/p>","protected":false},"featured_media":5325,"comment_status":"open","ping_status":"closed","template":"","meta":[],"product_brand":[],"product_cat":[24],"product_tag":[],"class_list":{"0":"post-5321","1":"product","2":"type-product","3":"status-publish","4":"has-post-thumbnail","6":"product_cat-accessories","8":"first","9":"instock","10":"shipping-taxable","11":"purchasable","12":"product-type-variable"},"jetpack_sharing_enabled":true,"_links":{"self":[{"href":"https:\/\/banlieuechic.com\/fr\/wp-json\/wp\/v2\/product\/5321","targetHints":{"allow":["GET"]}}],"collection":[{"href":"https:\/\/banlieuechic.com\/fr\/wp-json\/wp\/v2\/product"}],"about":[{"href":"https:\/\/banlieuechic.com\/fr\/wp-json\/wp\/v2\/types\/product"}],"replies":[{"embeddable":true,"href":"https:\/\/banlieuechic.com\/fr\/wp-json\/wp\/v2\/comments?post=5321"}],"wp:featuredmedia":[{"embeddable":true,"href":"https:\/\/banlieuechic.com\/fr\/wp-json\/wp\/v2\/media\/5325"}],"wp:attachment":[{"href":"https:\/\/banlieuechic.com\/fr\/wp-json\/wp\/v2\/media?parent=5321"}],"wp:term":[{"taxonomy":"product_brand","embeddable":true,"href":"https:\/\/banlieuechic.com\/fr\/wp-json\/wp\/v2\/product_brand?post=5321"},{"taxonomy":"product_cat","embeddable":true,"href":"https:\/\/banlieuechic.com\/fr\/wp-json\/wp\/v2\/product_cat?post=5321"},{"taxonomy":"product_tag","embeddable":true,"href":"https:\/\/banlieuechic.com\/fr\/wp-json\/wp\/v2\/product_tag?post=5321"}],"curies":[{"name":"wp","href":"https:\/\/api.w.org\/{rel}","templated":true}]}}